{"id":87,"date":"2023-09-26T23:14:35","date_gmt":"2023-09-26T21:14:35","guid":{"rendered":"https:\/\/vertdegrisarch.fr\/?page_id=87"},"modified":"2025-01-31T14:45:31","modified_gmt":"2025-01-31T13:45:31","slug":"contact","status":"publish","type":"page","link":"https:\/\/vertdegrisarch.fr\/index.php\/contact\/","title":{"rendered":"Contact"},"content":{"rendered":"\n<div class=\"wp-block-columns alignwide is-layout-flex wp-container-core-columns-is-layout-abbe5815 wp-block-columns-is-layout-flex\" style=\"padding-top:0;padding-right:0;padding-bottom:0;padding-left:0\">\n<div class=\"wp-block-column is-layout-flow wp-block-column-is-layout-flow\">\n<p>Nous serions ravis d&rsquo;\u00e9changer avec vous sur votre projet&nbsp;!<br>Vous pouvez nous joindre par t\u00e9l\u00e9phone ou par <a href=\"mailto:contact@vertdegrisarch.fr\" title=\"\">email <\/a>aux coordonn\u00e9es ci-dessous.<\/p>\n<\/div>\n<\/div>\n\n\n\n<div class=\"wp-block-group alignfull\" style=\"margin-top:0px;margin-bottom:0px;padding-top:0;padding-right:0;padding-bottom:0;padding-left:0\"><div class=\"wp-block-group__inner-container is-layout-constrained wp-container-core-group-is-layout-02b3cb18 wp-block-group-is-layout-constrained\">\n<div class=\"wp-block-columns alignwide is-layout-flex wp-container-core-columns-is-layout-62db62f3 wp-block-columns-is-layout-flex\" style=\"padding-top:0;padding-bottom:0\">\n<div class=\"wp-block-column is-layout-flow wp-block-column-is-layout-flow\" style=\"padding-right:0;padding-left:0;flex-basis:50%\">\n<div class=\"wp-block-group\"><div class=\"wp-block-group__inner-container is-layout-flow wp-block-group-is-layout-flow\">\n<div style=\"height:100px\" aria-hidden=\"true\" class=\"wp-block-spacer\"><\/div>\n\n\n\n<p><\/p>\n\n\n\n<p><\/p>\n\n\n\n<p class=\"has-small-font-size\" style=\"line-height:1.6\"><strong>Horaires :<\/strong> du lundi au vendredi de 9h \u00e0 12h30 et de 13h30 \u00e0 18h30<\/p>\n\n\n\n<p><\/p>\n\n\n\n<p class=\"has-small-font-size\" style=\"line-height:1.6\"><strong>T\u00e9l\u00e9phone :<\/strong> +33 2 77 09 77 56<\/p>\n<\/div><\/div>\n\n\n\n<div class=\"wp-block-group\"><div class=\"wp-block-group__inner-container is-layout-flow wp-block-group-is-layout-flow\">\n<p class=\"has-small-font-size\" style=\"line-height:1.6\"><strong>E-mail : <\/strong>contact@vertdegrisarch.fr<\/p>\n<\/div><\/div>\n\n\n\n<div class=\"wp-block-group\"><div class=\"wp-block-group__inner-container is-layout-flow wp-block-group-is-layout-flow\">\n<p class=\"has-small-font-size\" style=\"line-height:1.6\"><strong>Adresse<strong> <\/strong>: <\/strong>8 rue du ch\u00e2teau, BEAUMESNIL, 27410 MESNIL-EN-OUCHE<\/p>\n<\/div><\/div>\n<\/div>\n\n\n\n<div class=\"wp-block-column is-layout-flow wp-block-column-is-layout-flow\" style=\"flex-basis:50%\">\t\t<div\n            id=\"wpmapblock_be0e91ad\"\n            data-settings='{&quot;map_marker&quot;:[{&quot;lat&quot;:&quot;49.011527937411&quot;,&quot;lng&quot;:&quot;0.706547498703&quot;,&quot;title&quot;:&quot;Vert de Gris architecture&quot;,&quot;content&quot;:&quot;27410 Beaumesnil - Mesnil-en-Ouche&quot;,&quot;iconType&quot;:&quot;custom&quot;,&quot;customIconUrl&quot;:&quot;http:\\\/\\\/vertdegrisarch.fr\\\/wp-content\\\/uploads\\\/2024\\\/01\\\/VdG-Logo-bleu-epais-pour-carte-2000.png&quot;,&quot;customIconWidth&quot;:&quot;100&quot;,&quot;customIconHeight&quot;:&quot;100&quot;}],&quot;map_zoom&quot;:10,&quot;scroll_wheel_zoom&quot;:&quot;1&quot;,&quot;map_type&quot;:&quot;OSM&quot;,&quot;center_index&quot;:0}'\n            class=\"wpmapblockrender\"\n            style=\"\n\t\t\twidth: 100%;\n\t\t\theight: 440px;\n\t\t\"\n            >\n        <\/div>\n        <\/div>\n<\/div>\n<\/div><\/div>\n\n\n\n<p><\/p>\n","protected":false},"excerpt":{"rendered":"<p>Nous serions ravis d&rsquo;\u00e9changer avec vous sur votre projet&nbsp;!Vous pouvez nous joindre par t\u00e9l\u00e9phone ou par email aux coordonn\u00e9es ci-dessous. Horaires : du lundi au vendredi de 9h \u00e0 12h30 et de 13h30 \u00e0 18h30 T\u00e9l\u00e9phone : +33 2 77 09 77 56 E-mail : contact@vertdegrisarch.fr Adresse : 8 rue du ch\u00e2teau, BEAUMESNIL, 27410 MESNIL-EN-OUCHE<\/p>\n","protected":false},"author":1,"featured_media":0,"parent":0,"menu_order":0,"comment_status":"closed","ping_status":"closed","template":"","meta":{"cybocfi_hide_featured_image":"yes","_vp_format_video_url":"","_vp_image_focal_point":[],"footnotes":""},"class_list":["post-87","page","type-page","status-publish","hentry","entry"],"aioseo_notices":[],"_links":{"self":[{"href":"https:\/\/vertdegrisarch.fr\/index.php\/wp-json\/wp\/v2\/pages\/87","targetHints":{"allow":["GET"]}}],"collection":[{"href":"https:\/\/vertdegrisarch.fr\/index.php\/wp-json\/wp\/v2\/pages"}],"about":[{"href":"https:\/\/vertdegrisarch.fr\/index.php\/wp-json\/wp\/v2\/types\/page"}],"author":[{"embeddable":true,"href":"https:\/\/vertdegrisarch.fr\/index.php\/wp-json\/wp\/v2\/users\/1"}],"replies":[{"embeddable":true,"href":"https:\/\/vertdegrisarch.fr\/index.php\/wp-json\/wp\/v2\/comments?post=87"}],"version-history":[{"count":7,"href":"https:\/\/vertdegrisarch.fr\/index.php\/wp-json\/wp\/v2\/pages\/87\/revisions"}],"predecessor-version":[{"id":2207,"href":"https:\/\/vertdegrisarch.fr\/index.php\/wp-json\/wp\/v2\/pages\/87\/revisions\/2207"}],"wp:attachment":[{"href":"https:\/\/vertdegrisarch.fr\/index.php\/wp-json\/wp\/v2\/media?parent=87"}],"curies":[{"name":"wp","href":"https:\/\/api.w.org\/{rel}","templated":true}]}}